{"id":64215,"date":"2022-10-17T12:23:33","date_gmt":"2022-10-17T12:23:33","guid":{"rendered":"https:\/\/develop.mercatflors.cat\/programacio-familiar\/"},"modified":"2023-07-27T08:19:01","modified_gmt":"2023-07-27T08:19:01","slug":"programacion-familiar","status":"publish","type":"page","link":"https:\/\/develop.mercatflors.cat\/es\/programacion\/programacion-familiar\/","title":{"rendered":"Programaci\u00f3n familiar"},"content":{"rendered":"\n<p>La programaci\u00f3n art\u00edstica del Mercat de les Flors cuenta con una serie de espect\u00e1culos dirigidos a los m\u00e1s peque\u00f1os y a las familias, con propuestas que buscan compartir con los ni\u00f1os y ni\u00f1as la magia y el juego de la danza esc\u00e9nica con el objetivo de acercarlos a esta disciplina art\u00edstica.<\/p>\n\n\n\n<p>Adem\u00e1s, tambi\u00e9n podr\u00e9is encontrar actividades, talleres, y nuestra colecci\u00f3n de DVD educativos para aprender jugando desde casa<\/p>\n","protected":false},"excerpt":{"rendered":"<p>La programaci\u00f3n art\u00edstica del Mercat de les Flors cuenta con una serie de espect\u00e1culos dirigidos a los m\u00e1s peque\u00f1os y&#8230;<\/p>\n","protected":false},"author":1,"featured_media":178415,"parent":163398,"menu_order":97,"comment_status":"closed","ping_status":"closed","template":"page-templates\/distribuidora.php","meta":{"_acf_changed":false,"footnotes":""},"class_list":["post-64215","page","type-page","status-publish","has-post-thumbnail","hentry"],"acf":[],"yoast_head":"<!-- This site is optimized with the Yoast SEO plugin v22.6 - https:\/\/yoast.com\/wordpress\/plugins\/seo\/ -->\n<title>Programaci\u00f3n familiar - Mercat de les Flors<\/title>\n<meta name=\"robots\" content=\"index, follow, max-snippet:-1, max-image-preview:large, max-video-preview:-1\" \/>\n<link rel=\"canonical\" href=\"https:\/\/develop.mercatflors.cat\/es\/programacion\/programacion-familiar\/\" \/>\n<meta property=\"og:locale\" content=\"es_ES\" \/>\n<meta property=\"og:type\" content=\"article\" \/>\n<meta property=\"og:title\" content=\"Programaci\u00f3n familiar - Mercat de les Flors\" \/>\n<meta property=\"og:description\" content=\"La programaci\u00f3n art\u00edstica del Mercat de les Flors cuenta con una serie de espect\u00e1culos dirigidos a los m\u00e1s peque\u00f1os y...\" \/>\n<meta property=\"og:url\" content=\"https:\/\/develop.mercatflors.cat\/es\/programacion\/programacion-familiar\/\" \/>\n<meta property=\"og:site_name\" content=\"Mercat de les Flors\" \/>\n<meta property=\"article:modified_time\" content=\"2023-07-27T08:19:01+00:00\" \/>\n<meta property=\"og:image\" content=\"https:\/\/develop.mercatflors.cat\/wp-content\/uploads\/2023\/06\/progfamESP750x500.jpg\" \/>\n\t<meta property=\"og:image:width\" content=\"750\" \/>\n\t<meta property=\"og:image:height\" content=\"500\" \/>\n\t<meta property=\"og:image:type\" content=\"image\/jpeg\" \/>\n<meta name=\"twitter:card\" content=\"summary_large_image\" \/>\n<meta name=\"twitter:label1\" content=\"Tiempo de lectura\" \/>\n\t<meta name=\"twitter:data1\" content=\"1 minuto\" \/>\n<script type=\"application\/ld+json\" class=\"yoast-schema-graph\">{\"@context\":\"https:\/\/schema.org\",\"@graph\":[{\"@type\":\"WebPage\",\"@id\":\"https:\/\/develop.mercatflors.cat\/es\/programacion\/programacion-familiar\/\",\"url\":\"https:\/\/develop.mercatflors.cat\/es\/programacion\/programacion-familiar\/\",\"name\":\"Programaci\u00f3n familiar - Mercat de les Flors\",\"isPartOf\":{\"@id\":\"https:\/\/develop.mercatflors.cat\/es\/#website\"},\"primaryImageOfPage\":{\"@id\":\"https:\/\/develop.mercatflors.cat\/es\/programacion\/programacion-familiar\/#primaryimage\"},\"image\":{\"@id\":\"https:\/\/develop.mercatflors.cat\/es\/programacion\/programacion-familiar\/#primaryimage\"},\"thumbnailUrl\":\"https:\/\/develop.mercatflors.cat\/wp-content\/uploads\/2023\/06\/progfamESP750x500.jpg\",\"datePublished\":\"2022-10-17T12:23:33+00:00\",\"dateModified\":\"2023-07-27T08:19:01+00:00\",\"breadcrumb\":{\"@id\":\"https:\/\/develop.mercatflors.cat\/es\/programacion\/programacion-familiar\/#breadcrumb\"},\"inLanguage\":\"es\",\"potentialAction\":[{\"@type\":\"ReadAction\",\"target\":[\"https:\/\/develop.mercatflors.cat\/es\/programacion\/programacion-familiar\/\"]}]},{\"@type\":\"ImageObject\",\"inLanguage\":\"es\",\"@id\":\"https:\/\/develop.mercatflors.cat\/es\/programacion\/programacion-familiar\/#primaryimage\",\"url\":\"https:\/\/develop.mercatflors.cat\/wp-content\/uploads\/2023\/06\/progfamESP750x500.jpg\",\"contentUrl\":\"https:\/\/develop.mercatflors.cat\/wp-content\/uploads\/2023\/06\/progfamESP750x500.jpg\",\"width\":750,\"height\":500},{\"@type\":\"BreadcrumbList\",\"@id\":\"https:\/\/develop.mercatflors.cat\/es\/programacion\/programacion-familiar\/#breadcrumb\",\"itemListElement\":[{\"@type\":\"ListItem\",\"position\":1,\"name\":\"Portada\",\"item\":\"https:\/\/develop.mercatflors.cat\/es\/\"},{\"@type\":\"ListItem\",\"position\":2,\"name\":\"Programaci\u00f3n\",\"item\":\"https:\/\/develop.mercatflors.cat\/es\/programacion\/\"},{\"@type\":\"ListItem\",\"position\":3,\"name\":\"Programaci\u00f3n familiar\"}]},{\"@type\":\"WebSite\",\"@id\":\"https:\/\/develop.mercatflors.cat\/es\/#website\",\"url\":\"https:\/\/develop.mercatflors.cat\/es\/\",\"name\":\"Mercat de les Flors\",\"description\":\"\",\"publisher\":{\"@id\":\"https:\/\/develop.mercatflors.cat\/es\/#organization\"},\"potentialAction\":[{\"@type\":\"SearchAction\",\"target\":{\"@type\":\"EntryPoint\",\"urlTemplate\":\"https:\/\/develop.mercatflors.cat\/es\/?s={search_term_string}\"},\"query-input\":\"required name=search_term_string\"}],\"inLanguage\":\"es\"},{\"@type\":\"Organization\",\"@id\":\"https:\/\/develop.mercatflors.cat\/es\/#organization\",\"name\":\"Mercat de les Flors\",\"url\":\"https:\/\/develop.mercatflors.cat\/es\/\",\"logo\":{\"@type\":\"ImageObject\",\"inLanguage\":\"es\",\"@id\":\"https:\/\/develop.mercatflors.cat\/es\/#\/schema\/logo\/image\/\",\"url\":\"https:\/\/develop.mercatflors.cat\/wp-content\/uploads\/2022\/10\/header-logo.svg\",\"contentUrl\":\"https:\/\/develop.mercatflors.cat\/wp-content\/uploads\/2022\/10\/header-logo.svg\",\"width\":1,\"height\":1,\"caption\":\"Mercat de les Flors\"},\"image\":{\"@id\":\"https:\/\/develop.mercatflors.cat\/es\/#\/schema\/logo\/image\/\"}}]}<\/script>\n<!-- \/ Yoast SEO plugin. -->","yoast_head_json":{"title":"Programaci\u00f3n familiar - Mercat de les Flors","robots":{"index":"index","follow":"follow","max-snippet":"max-snippet:-1","max-image-preview":"max-image-preview:large","max-video-preview":"max-video-preview:-1"},"canonical":"https:\/\/develop.mercatflors.cat\/es\/programacion\/programacion-familiar\/","og_locale":"es_ES","og_type":"article","og_title":"Programaci\u00f3n familiar - Mercat de les Flors","og_description":"La programaci\u00f3n art\u00edstica del Mercat de les Flors cuenta con una serie de espect\u00e1culos dirigidos a los m\u00e1s peque\u00f1os y...","og_url":"https:\/\/develop.mercatflors.cat\/es\/programacion\/programacion-familiar\/","og_site_name":"Mercat de les Flors","article_modified_time":"2023-07-27T08:19:01+00:00","og_image":[{"width":750,"height":500,"url":"https:\/\/develop.mercatflors.cat\/wp-content\/uploads\/2023\/06\/progfamESP750x500.jpg","type":"image\/jpeg"}],"twitter_card":"summary_large_image","twitter_misc":{"Tiempo de lectura":"1 minuto"},"schema":{"@context":"https:\/\/schema.org","@graph":[{"@type":"WebPage","@id":"https:\/\/develop.mercatflors.cat\/es\/programacion\/programacion-familiar\/","url":"https:\/\/develop.mercatflors.cat\/es\/programacion\/programacion-familiar\/","name":"Programaci\u00f3n familiar - Mercat de les Flors","isPartOf":{"@id":"https:\/\/develop.mercatflors.cat\/es\/#website"},"primaryImageOfPage":{"@id":"https:\/\/develop.mercatflors.cat\/es\/programacion\/programacion-familiar\/#primaryimage"},"image":{"@id":"https:\/\/develop.mercatflors.cat\/es\/programacion\/programacion-familiar\/#primaryimage"},"thumbnailUrl":"https:\/\/develop.mercatflors.cat\/wp-content\/uploads\/2023\/06\/progfamESP750x500.jpg","datePublished":"2022-10-17T12:23:33+00:00","dateModified":"2023-07-27T08:19:01+00:00","breadcrumb":{"@id":"https:\/\/develop.mercatflors.cat\/es\/programacion\/programacion-familiar\/#breadcrumb"},"inLanguage":"es","potentialAction":[{"@type":"ReadAction","target":["https:\/\/develop.mercatflors.cat\/es\/programacion\/programacion-familiar\/"]}]},{"@type":"ImageObject","inLanguage":"es","@id":"https:\/\/develop.mercatflors.cat\/es\/programacion\/programacion-familiar\/#primaryimage","url":"https:\/\/develop.mercatflors.cat\/wp-content\/uploads\/2023\/06\/progfamESP750x500.jpg","contentUrl":"https:\/\/develop.mercatflors.cat\/wp-content\/uploads\/2023\/06\/progfamESP750x500.jpg","width":750,"height":500},{"@type":"BreadcrumbList","@id":"https:\/\/develop.mercatflors.cat\/es\/programacion\/programacion-familiar\/#breadcrumb","itemListElement":[{"@type":"ListItem","position":1,"name":"Portada","item":"https:\/\/develop.mercatflors.cat\/es\/"},{"@type":"ListItem","position":2,"name":"Programaci\u00f3n","item":"https:\/\/develop.mercatflors.cat\/es\/programacion\/"},{"@type":"ListItem","position":3,"name":"Programaci\u00f3n familiar"}]},{"@type":"WebSite","@id":"https:\/\/develop.mercatflors.cat\/es\/#website","url":"https:\/\/develop.mercatflors.cat\/es\/","name":"Mercat de les Flors","description":"","publisher":{"@id":"https:\/\/develop.mercatflors.cat\/es\/#organization"},"potentialAction":[{"@type":"SearchAction","target":{"@type":"EntryPoint","urlTemplate":"https:\/\/develop.mercatflors.cat\/es\/?s={search_term_string}"},"query-input":"required name=search_term_string"}],"inLanguage":"es"},{"@type":"Organization","@id":"https:\/\/develop.mercatflors.cat\/es\/#organization","name":"Mercat de les Flors","url":"https:\/\/develop.mercatflors.cat\/es\/","logo":{"@type":"ImageObject","inLanguage":"es","@id":"https:\/\/develop.mercatflors.cat\/es\/#\/schema\/logo\/image\/","url":"https:\/\/develop.mercatflors.cat\/wp-content\/uploads\/2022\/10\/header-logo.svg","contentUrl":"https:\/\/develop.mercatflors.cat\/wp-content\/uploads\/2022\/10\/header-logo.svg","width":1,"height":1,"caption":"Mercat de les Flors"},"image":{"@id":"https:\/\/develop.mercatflors.cat\/es\/#\/schema\/logo\/image\/"}}]}},"_links":{"self":[{"href":"https:\/\/develop.mercatflors.cat\/es\/wp-json\/wp\/v2\/pages\/64215","targetHints":{"allow":["GET"]}}],"collection":[{"href":"https:\/\/develop.mercatflors.cat\/es\/wp-json\/wp\/v2\/pages"}],"about":[{"href":"https:\/\/develop.mercatflors.cat\/es\/wp-json\/wp\/v2\/types\/page"}],"author":[{"embeddable":true,"href":"https:\/\/develop.mercatflors.cat\/es\/wp-json\/wp\/v2\/users\/1"}],"replies":[{"embeddable":true,"href":"https:\/\/develop.mercatflors.cat\/es\/wp-json\/wp\/v2\/comments?post=64215"}],"version-history":[{"count":9,"href":"https:\/\/develop.mercatflors.cat\/es\/wp-json\/wp\/v2\/pages\/64215\/revisions"}],"predecessor-version":[{"id":183468,"href":"https:\/\/develop.mercatflors.cat\/es\/wp-json\/wp\/v2\/pages\/64215\/revisions\/183468"}],"up":[{"embeddable":true,"href":"https:\/\/develop.mercatflors.cat\/es\/wp-json\/wp\/v2\/pages\/163398"}],"wp:featuredmedia":[{"embeddable":true,"href":"https:\/\/develop.mercatflors.cat\/es\/wp-json\/wp\/v2\/media\/178415"}],"wp:attachment":[{"href":"https:\/\/develop.mercatflors.cat\/es\/wp-json\/wp\/v2\/media?parent=64215"}],"curies":[{"name":"wp","href":"https:\/\/api.w.org\/{rel}","templated":true}]}}