{"id":562,"date":"2022-10-19T09:03:18","date_gmt":"2022-10-19T09:03:18","guid":{"rendered":"https:\/\/develop.mercatflors.cat\/els-podcasts\/"},"modified":"2023-11-27T14:52:29","modified_gmt":"2023-11-27T14:52:29","slug":"los-podcasts","status":"publish","type":"page","link":"https:\/\/develop.mercatflors.cat\/es\/publicaciones-y-archivo\/los-podcasts\/","title":{"rendered":"Los Podcasts"},"content":{"rendered":"\n<p>Los Podcasts del Mercat de les Flors son programas monogr\u00e1ficos que recogen las voces de los creadores m\u00e1s interesantes de este momento, que comparten en primera persona su visi\u00f3n de la danza, el enfoque de los procesos creativos y su imaginario po\u00e9tico en relaci\u00f3n con el mundo que nos rodea.<\/p>\n","protected":false},"excerpt":{"rendered":"<p>Los Podcasts del Mercat de les Flors son programas monogr\u00e1ficos que recogen las voces de los creadores m\u00e1s interesantes de&#8230;<\/p>\n","protected":false},"author":1,"featured_media":175863,"parent":163953,"menu_order":80,"comment_status":"closed","ping_status":"closed","template":"","meta":{"_acf_changed":false,"footnotes":""},"class_list":["post-562","page","type-page","status-publish","has-post-thumbnail","hentry"],"acf":[],"yoast_head":"<!-- This site is optimized with the Yoast SEO plugin v22.6 - https:\/\/yoast.com\/wordpress\/plugins\/seo\/ -->\n<title>Los Podcasts - Mercat de les Flors<\/title>\n<meta name=\"robots\" content=\"index, follow, max-snippet:-1, max-image-preview:large, max-video-preview:-1\" \/>\n<link rel=\"canonical\" href=\"https:\/\/develop.mercatflors.cat\/es\/publicaciones-y-archivo\/los-podcasts\/\" \/>\n<meta property=\"og:locale\" content=\"es_ES\" \/>\n<meta property=\"og:type\" content=\"article\" \/>\n<meta property=\"og:title\" content=\"Los Podcasts - Mercat de les Flors\" \/>\n<meta property=\"og:description\" content=\"Los Podcasts del Mercat de les Flors son programas monogr\u00e1ficos que recogen las voces de los creadores m\u00e1s interesantes de...\" \/>\n<meta property=\"og:url\" content=\"https:\/\/develop.mercatflors.cat\/es\/publicaciones-y-archivo\/los-podcasts\/\" \/>\n<meta property=\"og:site_name\" content=\"Mercat de les Flors\" \/>\n<meta property=\"article:modified_time\" content=\"2023-11-27T14:52:29+00:00\" \/>\n<meta property=\"og:image\" content=\"https:\/\/develop.mercatflors.cat\/wp-content\/uploads\/2023\/06\/MDLF_Podcast_Generica_790x490.jpg\" \/>\n\t<meta property=\"og:image:width\" content=\"1580\" \/>\n\t<meta property=\"og:image:height\" content=\"980\" \/>\n\t<meta property=\"og:image:type\" content=\"image\/jpeg\" \/>\n<meta name=\"twitter:card\" content=\"summary_large_image\" \/>\n<meta name=\"twitter:label1\" content=\"Tiempo de lectura\" \/>\n\t<meta name=\"twitter:data1\" content=\"1 minuto\" \/>\n<script type=\"application\/ld+json\" class=\"yoast-schema-graph\">{\"@context\":\"https:\/\/schema.org\",\"@graph\":[{\"@type\":\"WebPage\",\"@id\":\"https:\/\/develop.mercatflors.cat\/es\/publicaciones-y-archivo\/los-podcasts\/\",\"url\":\"https:\/\/develop.mercatflors.cat\/es\/publicaciones-y-archivo\/los-podcasts\/\",\"name\":\"Los Podcasts - Mercat de les Flors\",\"isPartOf\":{\"@id\":\"https:\/\/develop.mercatflors.cat\/es\/#website\"},\"primaryImageOfPage\":{\"@id\":\"https:\/\/develop.mercatflors.cat\/es\/publicaciones-y-archivo\/los-podcasts\/#primaryimage\"},\"image\":{\"@id\":\"https:\/\/develop.mercatflors.cat\/es\/publicaciones-y-archivo\/los-podcasts\/#primaryimage\"},\"thumbnailUrl\":\"https:\/\/develop.mercatflors.cat\/wp-content\/uploads\/2023\/06\/MDLF_Podcast_Generica_790x490.jpg\",\"datePublished\":\"2022-10-19T09:03:18+00:00\",\"dateModified\":\"2023-11-27T14:52:29+00:00\",\"breadcrumb\":{\"@id\":\"https:\/\/develop.mercatflors.cat\/es\/publicaciones-y-archivo\/los-podcasts\/#breadcrumb\"},\"inLanguage\":\"es\",\"potentialAction\":[{\"@type\":\"ReadAction\",\"target\":[\"https:\/\/develop.mercatflors.cat\/es\/publicaciones-y-archivo\/los-podcasts\/\"]}]},{\"@type\":\"ImageObject\",\"inLanguage\":\"es\",\"@id\":\"https:\/\/develop.mercatflors.cat\/es\/publicaciones-y-archivo\/los-podcasts\/#primaryimage\",\"url\":\"https:\/\/develop.mercatflors.cat\/wp-content\/uploads\/2023\/06\/MDLF_Podcast_Generica_790x490.jpg\",\"contentUrl\":\"https:\/\/develop.mercatflors.cat\/wp-content\/uploads\/2023\/06\/MDLF_Podcast_Generica_790x490.jpg\",\"width\":1580,\"height\":980,\"caption\":\"Els Podcasts del Mercat\"},{\"@type\":\"BreadcrumbList\",\"@id\":\"https:\/\/develop.mercatflors.cat\/es\/publicaciones-y-archivo\/los-podcasts\/#breadcrumb\",\"itemListElement\":[{\"@type\":\"ListItem\",\"position\":1,\"name\":\"Portada\",\"item\":\"https:\/\/develop.mercatflors.cat\/es\/\"},{\"@type\":\"ListItem\",\"position\":2,\"name\":\"Publicaciones y archivo\",\"item\":\"https:\/\/develop.mercatflors.cat\/es\/publicaciones-y-archivo\/\"},{\"@type\":\"ListItem\",\"position\":3,\"name\":\"Los Podcasts\"}]},{\"@type\":\"WebSite\",\"@id\":\"https:\/\/develop.mercatflors.cat\/es\/#website\",\"url\":\"https:\/\/develop.mercatflors.cat\/es\/\",\"name\":\"Mercat de les Flors\",\"description\":\"\",\"publisher\":{\"@id\":\"https:\/\/develop.mercatflors.cat\/es\/#organization\"},\"potentialAction\":[{\"@type\":\"SearchAction\",\"target\":{\"@type\":\"EntryPoint\",\"urlTemplate\":\"https:\/\/develop.mercatflors.cat\/es\/?s={search_term_string}\"},\"query-input\":\"required name=search_term_string\"}],\"inLanguage\":\"es\"},{\"@type\":\"Organization\",\"@id\":\"https:\/\/develop.mercatflors.cat\/es\/#organization\",\"name\":\"Mercat de les Flors\",\"url\":\"https:\/\/develop.mercatflors.cat\/es\/\",\"logo\":{\"@type\":\"ImageObject\",\"inLanguage\":\"es\",\"@id\":\"https:\/\/develop.mercatflors.cat\/es\/#\/schema\/logo\/image\/\",\"url\":\"https:\/\/develop.mercatflors.cat\/wp-content\/uploads\/2022\/10\/header-logo.svg\",\"contentUrl\":\"https:\/\/develop.mercatflors.cat\/wp-content\/uploads\/2022\/10\/header-logo.svg\",\"width\":1,\"height\":1,\"caption\":\"Mercat de les Flors\"},\"image\":{\"@id\":\"https:\/\/develop.mercatflors.cat\/es\/#\/schema\/logo\/image\/\"}}]}<\/script>\n<!-- \/ Yoast SEO plugin. -->","yoast_head_json":{"title":"Los Podcasts - Mercat de les Flors","robots":{"index":"index","follow":"follow","max-snippet":"max-snippet:-1","max-image-preview":"max-image-preview:large","max-video-preview":"max-video-preview:-1"},"canonical":"https:\/\/develop.mercatflors.cat\/es\/publicaciones-y-archivo\/los-podcasts\/","og_locale":"es_ES","og_type":"article","og_title":"Los Podcasts - Mercat de les Flors","og_description":"Los Podcasts del Mercat de les Flors son programas monogr\u00e1ficos que recogen las voces de los creadores m\u00e1s interesantes de...","og_url":"https:\/\/develop.mercatflors.cat\/es\/publicaciones-y-archivo\/los-podcasts\/","og_site_name":"Mercat de les Flors","article_modified_time":"2023-11-27T14:52:29+00:00","og_image":[{"width":1580,"height":980,"url":"https:\/\/develop.mercatflors.cat\/wp-content\/uploads\/2023\/06\/MDLF_Podcast_Generica_790x490.jpg","type":"image\/jpeg"}],"twitter_card":"summary_large_image","twitter_misc":{"Tiempo de lectura":"1 minuto"},"schema":{"@context":"https:\/\/schema.org","@graph":[{"@type":"WebPage","@id":"https:\/\/develop.mercatflors.cat\/es\/publicaciones-y-archivo\/los-podcasts\/","url":"https:\/\/develop.mercatflors.cat\/es\/publicaciones-y-archivo\/los-podcasts\/","name":"Los Podcasts - Mercat de les Flors","isPartOf":{"@id":"https:\/\/develop.mercatflors.cat\/es\/#website"},"primaryImageOfPage":{"@id":"https:\/\/develop.mercatflors.cat\/es\/publicaciones-y-archivo\/los-podcasts\/#primaryimage"},"image":{"@id":"https:\/\/develop.mercatflors.cat\/es\/publicaciones-y-archivo\/los-podcasts\/#primaryimage"},"thumbnailUrl":"https:\/\/develop.mercatflors.cat\/wp-content\/uploads\/2023\/06\/MDLF_Podcast_Generica_790x490.jpg","datePublished":"2022-10-19T09:03:18+00:00","dateModified":"2023-11-27T14:52:29+00:00","breadcrumb":{"@id":"https:\/\/develop.mercatflors.cat\/es\/publicaciones-y-archivo\/los-podcasts\/#breadcrumb"},"inLanguage":"es","potentialAction":[{"@type":"ReadAction","target":["https:\/\/develop.mercatflors.cat\/es\/publicaciones-y-archivo\/los-podcasts\/"]}]},{"@type":"ImageObject","inLanguage":"es","@id":"https:\/\/develop.mercatflors.cat\/es\/publicaciones-y-archivo\/los-podcasts\/#primaryimage","url":"https:\/\/develop.mercatflors.cat\/wp-content\/uploads\/2023\/06\/MDLF_Podcast_Generica_790x490.jpg","contentUrl":"https:\/\/develop.mercatflors.cat\/wp-content\/uploads\/2023\/06\/MDLF_Podcast_Generica_790x490.jpg","width":1580,"height":980,"caption":"Els Podcasts del Mercat"},{"@type":"BreadcrumbList","@id":"https:\/\/develop.mercatflors.cat\/es\/publicaciones-y-archivo\/los-podcasts\/#breadcrumb","itemListElement":[{"@type":"ListItem","position":1,"name":"Portada","item":"https:\/\/develop.mercatflors.cat\/es\/"},{"@type":"ListItem","position":2,"name":"Publicaciones y archivo","item":"https:\/\/develop.mercatflors.cat\/es\/publicaciones-y-archivo\/"},{"@type":"ListItem","position":3,"name":"Los Podcasts"}]},{"@type":"WebSite","@id":"https:\/\/develop.mercatflors.cat\/es\/#website","url":"https:\/\/develop.mercatflors.cat\/es\/","name":"Mercat de les Flors","description":"","publisher":{"@id":"https:\/\/develop.mercatflors.cat\/es\/#organization"},"potentialAction":[{"@type":"SearchAction","target":{"@type":"EntryPoint","urlTemplate":"https:\/\/develop.mercatflors.cat\/es\/?s={search_term_string}"},"query-input":"required name=search_term_string"}],"inLanguage":"es"},{"@type":"Organization","@id":"https:\/\/develop.mercatflors.cat\/es\/#organization","name":"Mercat de les Flors","url":"https:\/\/develop.mercatflors.cat\/es\/","logo":{"@type":"ImageObject","inLanguage":"es","@id":"https:\/\/develop.mercatflors.cat\/es\/#\/schema\/logo\/image\/","url":"https:\/\/develop.mercatflors.cat\/wp-content\/uploads\/2022\/10\/header-logo.svg","contentUrl":"https:\/\/develop.mercatflors.cat\/wp-content\/uploads\/2022\/10\/header-logo.svg","width":1,"height":1,"caption":"Mercat de les Flors"},"image":{"@id":"https:\/\/develop.mercatflors.cat\/es\/#\/schema\/logo\/image\/"}}]}},"_links":{"self":[{"href":"https:\/\/develop.mercatflors.cat\/es\/wp-json\/wp\/v2\/pages\/562","targetHints":{"allow":["GET"]}}],"collection":[{"href":"https:\/\/develop.mercatflors.cat\/es\/wp-json\/wp\/v2\/pages"}],"about":[{"href":"https:\/\/develop.mercatflors.cat\/es\/wp-json\/wp\/v2\/types\/page"}],"author":[{"embeddable":true,"href":"https:\/\/develop.mercatflors.cat\/es\/wp-json\/wp\/v2\/users\/1"}],"replies":[{"embeddable":true,"href":"https:\/\/develop.mercatflors.cat\/es\/wp-json\/wp\/v2\/comments?post=562"}],"version-history":[{"count":3,"href":"https:\/\/develop.mercatflors.cat\/es\/wp-json\/wp\/v2\/pages\/562\/revisions"}],"predecessor-version":[{"id":186955,"href":"https:\/\/develop.mercatflors.cat\/es\/wp-json\/wp\/v2\/pages\/562\/revisions\/186955"}],"up":[{"embeddable":true,"href":"https:\/\/develop.mercatflors.cat\/es\/wp-json\/wp\/v2\/pages\/163953"}],"wp:featuredmedia":[{"embeddable":true,"href":"https:\/\/develop.mercatflors.cat\/es\/wp-json\/wp\/v2\/media\/175863"}],"wp:attachment":[{"href":"https:\/\/develop.mercatflors.cat\/es\/wp-json\/wp\/v2\/media?parent=562"}],"curies":[{"name":"wp","href":"https:\/\/api.w.org\/{rel}","templated":true}]}}