{"id":189725,"date":"2024-02-02T10:51:11","date_gmt":"2024-02-02T10:51:11","guid":{"rendered":"https:\/\/develop.mercatflors.cat\/sala-de-premsa\/"},"modified":"2024-02-15T11:47:22","modified_gmt":"2024-02-15T11:47:22","slug":"sala-de-premsa","status":"publish","type":"page","link":"https:\/\/develop.mercatflors.cat\/es\/sala-de-premsa\/","title":{"rendered":"Sala de Prensa"},"content":{"rendered":"\n<p><\/p>\n\n\n\n<p class=\"has-medium-font-size\">Para m\u00e1s informaci\u00f3n pod\u00e9is contactar con la responsable de prensa: <strong>Merc\u00e8 Ros<\/strong> &#8211; mros@mercatflors.cat<\/p>\n","protected":false},"excerpt":{"rendered":"<p>Para m\u00e1s informaci\u00f3n pod\u00e9is contactar con la responsable de prensa: Merc\u00e8 Ros &#8211; mros@mercatflors.cat<\/p>\n","protected":false},"author":1,"featured_media":0,"parent":0,"menu_order":0,"comment_status":"closed","ping_status":"closed","template":"page-templates\/sala-premsa.php","meta":{"_acf_changed":false,"footnotes":""},"class_list":["post-189725","page","type-page","status-publish","hentry"],"acf":[],"yoast_head":"<!-- This site is optimized with the Yoast SEO plugin v22.6 - https:\/\/yoast.com\/wordpress\/plugins\/seo\/ -->\n<title>Sala de Prensa - Mercat de les Flors<\/title>\n<meta name=\"robots\" content=\"index, follow, max-snippet:-1, max-image-preview:large, max-video-preview:-1\" \/>\n<link rel=\"canonical\" href=\"https:\/\/develop.mercatflors.cat\/es\/sala-de-premsa\/\" \/>\n<meta property=\"og:locale\" content=\"es_ES\" \/>\n<meta property=\"og:type\" content=\"article\" \/>\n<meta property=\"og:title\" content=\"Sala de Prensa - Mercat de les Flors\" \/>\n<meta property=\"og:description\" content=\"Para m\u00e1s informaci\u00f3n pod\u00e9is contactar con la responsable de prensa: Merc\u00e8 Ros &#8211; mros@mercatflors.cat\" \/>\n<meta property=\"og:url\" content=\"https:\/\/develop.mercatflors.cat\/es\/sala-de-premsa\/\" \/>\n<meta property=\"og:site_name\" content=\"Mercat de les Flors\" \/>\n<meta property=\"article:modified_time\" content=\"2024-02-15T11:47:22+00:00\" \/>\n<meta name=\"twitter:card\" content=\"summary_large_image\" \/>\n<meta name=\"twitter:label1\" content=\"Tiempo de lectura\" \/>\n\t<meta name=\"twitter:data1\" content=\"1 minuto\" \/>\n<script type=\"application\/ld+json\" class=\"yoast-schema-graph\">{\"@context\":\"https:\/\/schema.org\",\"@graph\":[{\"@type\":\"WebPage\",\"@id\":\"https:\/\/develop.mercatflors.cat\/es\/sala-de-premsa\/\",\"url\":\"https:\/\/develop.mercatflors.cat\/es\/sala-de-premsa\/\",\"name\":\"Sala de Prensa - Mercat de les Flors\",\"isPartOf\":{\"@id\":\"https:\/\/develop.mercatflors.cat\/es\/#website\"},\"datePublished\":\"2024-02-02T10:51:11+00:00\",\"dateModified\":\"2024-02-15T11:47:22+00:00\",\"breadcrumb\":{\"@id\":\"https:\/\/develop.mercatflors.cat\/es\/sala-de-premsa\/#breadcrumb\"},\"inLanguage\":\"es\",\"potentialAction\":[{\"@type\":\"ReadAction\",\"target\":[\"https:\/\/develop.mercatflors.cat\/es\/sala-de-premsa\/\"]}]},{\"@type\":\"BreadcrumbList\",\"@id\":\"https:\/\/develop.mercatflors.cat\/es\/sala-de-premsa\/#breadcrumb\",\"itemListElement\":[{\"@type\":\"ListItem\",\"position\":1,\"name\":\"Portada\",\"item\":\"https:\/\/develop.mercatflors.cat\/es\/\"},{\"@type\":\"ListItem\",\"position\":2,\"name\":\"Sala de Prensa\"}]},{\"@type\":\"WebSite\",\"@id\":\"https:\/\/develop.mercatflors.cat\/es\/#website\",\"url\":\"https:\/\/develop.mercatflors.cat\/es\/\",\"name\":\"Mercat de les Flors\",\"description\":\"\",\"publisher\":{\"@id\":\"https:\/\/develop.mercatflors.cat\/es\/#organization\"},\"potentialAction\":[{\"@type\":\"SearchAction\",\"target\":{\"@type\":\"EntryPoint\",\"urlTemplate\":\"https:\/\/develop.mercatflors.cat\/es\/?s={search_term_string}\"},\"query-input\":\"required name=search_term_string\"}],\"inLanguage\":\"es\"},{\"@type\":\"Organization\",\"@id\":\"https:\/\/develop.mercatflors.cat\/es\/#organization\",\"name\":\"Mercat de les Flors\",\"url\":\"https:\/\/develop.mercatflors.cat\/es\/\",\"logo\":{\"@type\":\"ImageObject\",\"inLanguage\":\"es\",\"@id\":\"https:\/\/develop.mercatflors.cat\/es\/#\/schema\/logo\/image\/\",\"url\":\"https:\/\/develop.mercatflors.cat\/wp-content\/uploads\/2022\/10\/header-logo.svg\",\"contentUrl\":\"https:\/\/develop.mercatflors.cat\/wp-content\/uploads\/2022\/10\/header-logo.svg\",\"width\":1,\"height\":1,\"caption\":\"Mercat de les Flors\"},\"image\":{\"@id\":\"https:\/\/develop.mercatflors.cat\/es\/#\/schema\/logo\/image\/\"}}]}<\/script>\n<!-- \/ Yoast SEO plugin. -->","yoast_head_json":{"title":"Sala de Prensa - Mercat de les Flors","robots":{"index":"index","follow":"follow","max-snippet":"max-snippet:-1","max-image-preview":"max-image-preview:large","max-video-preview":"max-video-preview:-1"},"canonical":"https:\/\/develop.mercatflors.cat\/es\/sala-de-premsa\/","og_locale":"es_ES","og_type":"article","og_title":"Sala de Prensa - Mercat de les Flors","og_description":"Para m\u00e1s informaci\u00f3n pod\u00e9is contactar con la responsable de prensa: Merc\u00e8 Ros &#8211; mros@mercatflors.cat","og_url":"https:\/\/develop.mercatflors.cat\/es\/sala-de-premsa\/","og_site_name":"Mercat de les Flors","article_modified_time":"2024-02-15T11:47:22+00:00","twitter_card":"summary_large_image","twitter_misc":{"Tiempo de lectura":"1 minuto"},"schema":{"@context":"https:\/\/schema.org","@graph":[{"@type":"WebPage","@id":"https:\/\/develop.mercatflors.cat\/es\/sala-de-premsa\/","url":"https:\/\/develop.mercatflors.cat\/es\/sala-de-premsa\/","name":"Sala de Prensa - Mercat de les Flors","isPartOf":{"@id":"https:\/\/develop.mercatflors.cat\/es\/#website"},"datePublished":"2024-02-02T10:51:11+00:00","dateModified":"2024-02-15T11:47:22+00:00","breadcrumb":{"@id":"https:\/\/develop.mercatflors.cat\/es\/sala-de-premsa\/#breadcrumb"},"inLanguage":"es","potentialAction":[{"@type":"ReadAction","target":["https:\/\/develop.mercatflors.cat\/es\/sala-de-premsa\/"]}]},{"@type":"BreadcrumbList","@id":"https:\/\/develop.mercatflors.cat\/es\/sala-de-premsa\/#breadcrumb","itemListElement":[{"@type":"ListItem","position":1,"name":"Portada","item":"https:\/\/develop.mercatflors.cat\/es\/"},{"@type":"ListItem","position":2,"name":"Sala de Prensa"}]},{"@type":"WebSite","@id":"https:\/\/develop.mercatflors.cat\/es\/#website","url":"https:\/\/develop.mercatflors.cat\/es\/","name":"Mercat de les Flors","description":"","publisher":{"@id":"https:\/\/develop.mercatflors.cat\/es\/#organization"},"potentialAction":[{"@type":"SearchAction","target":{"@type":"EntryPoint","urlTemplate":"https:\/\/develop.mercatflors.cat\/es\/?s={search_term_string}"},"query-input":"required name=search_term_string"}],"inLanguage":"es"},{"@type":"Organization","@id":"https:\/\/develop.mercatflors.cat\/es\/#organization","name":"Mercat de les Flors","url":"https:\/\/develop.mercatflors.cat\/es\/","logo":{"@type":"ImageObject","inLanguage":"es","@id":"https:\/\/develop.mercatflors.cat\/es\/#\/schema\/logo\/image\/","url":"https:\/\/develop.mercatflors.cat\/wp-content\/uploads\/2022\/10\/header-logo.svg","contentUrl":"https:\/\/develop.mercatflors.cat\/wp-content\/uploads\/2022\/10\/header-logo.svg","width":1,"height":1,"caption":"Mercat de les Flors"},"image":{"@id":"https:\/\/develop.mercatflors.cat\/es\/#\/schema\/logo\/image\/"}}]}},"_links":{"self":[{"href":"https:\/\/develop.mercatflors.cat\/es\/wp-json\/wp\/v2\/pages\/189725","targetHints":{"allow":["GET"]}}],"collection":[{"href":"https:\/\/develop.mercatflors.cat\/es\/wp-json\/wp\/v2\/pages"}],"about":[{"href":"https:\/\/develop.mercatflors.cat\/es\/wp-json\/wp\/v2\/types\/page"}],"author":[{"embeddable":true,"href":"https:\/\/develop.mercatflors.cat\/es\/wp-json\/wp\/v2\/users\/1"}],"replies":[{"embeddable":true,"href":"https:\/\/develop.mercatflors.cat\/es\/wp-json\/wp\/v2\/comments?post=189725"}],"version-history":[{"count":5,"href":"https:\/\/develop.mercatflors.cat\/es\/wp-json\/wp\/v2\/pages\/189725\/revisions"}],"predecessor-version":[{"id":189744,"href":"https:\/\/develop.mercatflors.cat\/es\/wp-json\/wp\/v2\/pages\/189725\/revisions\/189744"}],"wp:attachment":[{"href":"https:\/\/develop.mercatflors.cat\/es\/wp-json\/wp\/v2\/media?parent=189725"}],"curies":[{"name":"wp","href":"https:\/\/api.w.org\/{rel}","templated":true}]}}