{"id":178499,"date":"2021-04-06T13:28:23","date_gmt":"2021-04-06T13:28:23","guid":{"rendered":"https:\/\/develop.mercatflors.cat\/50471-2\/"},"modified":"2021-04-06T13:28:23","modified_gmt":"2021-04-06T13:28:23","slug":"50471-2","status":"publish","type":"page","link":"https:\/\/develop.mercatflors.cat\/es\/50471-2\/","title":{"rendered":"Oferta de treball \u2013 REGIDOR ESCENARI"},"content":{"rendered":"<p><strong>Descripci\u00f3 de l\u2019oferta:<\/strong>\u00a0T\u00e8cnic Auxiliar<\/p>\n<p><strong>Denominaci\u00f3 del lloc:<\/strong>\u00a0Regidor Escenari<\/p>\n<p><strong>Tipologia:<\/strong>\u00a0T\u00e8cnic Auxiliar<\/p>\n<p><strong>Tipus de contracte:\u00a0<\/strong>Interinatge fins a cobertura definitiva de la vacant<\/p>\n<p><strong>Tipus de jornada:<\/strong>\u00a0Completa. 37,5 hores setmanals<\/p>\n<p><strong>Data de publicaci\u00f3 de l\u2019oferta:\u00a0<\/strong>6 d\u2019abril de 2021<\/p>\n<p><strong>Data l\u00edmit de presentaci\u00f3 d\u2019inst\u00e0ncies:\u00a0<\/strong>20 d\u2019abril de 2021, a les 14:00 hores<\/p>\n<p><strong>Data d\u2019incorporaci\u00f3:<\/strong>\u00a0Primera quinzena de maig de 2021 o a la finalitzaci\u00f3 del proc\u00e9s de selecci\u00f3<\/p>\n<p><strong>Contacte:<\/strong>\u00a0<span style=\"color: #0000ff;\"><a style=\"color: #0000ff;\" href=\"mailto:rrhh@mercatflors.cat\">rrhh@mercatflors.cat<\/a><\/span><\/p>\n<p><strong>Documents:<\/strong><\/p>\n<p><a href=\"https:\/\/develop.mercatflors.cat\/wp-content\/uploads\/2021\/04\/OF-DE-TREBALL_Regidor-descenari-3.pdf\"><span style=\"color: #0000ff;\">Bases de l\u2019oferta<\/span><\/a><\/p>\n<p><a href=\"https:\/\/develop.mercatflors.cat\/mdlfrrhh\/oferta\/regidor_escenari\/\"><span style=\"color: #0000ff;\">Formulari<\/span><\/a><\/p>\n<p><a href=\"https:\/\/develop.mercatflors.cat\/wp-content\/uploads\/2021\/04\/Relaci\u00f3-admesos-i-exclosos-PROVISIONAL.pdf\"><span style=\"color: #0000ff;\">Relaci\u00f3 admesos i exclosos PROVISIONAL<\/span><\/a><\/p>\n<p><span style=\"color: #0000ff;\"><a style=\"color: #0000ff;\" href=\"https:\/\/develop.mercatflors.cat\/wp-content\/uploads\/2021\/04\/Relacio\u0301-admesos-i-exclosos-DEFINITIVA.pdf\">Relaci\u00f3 admesos i exclosos DEFINITIVA<\/a><\/span><\/p>\n<p><a href=\"https:\/\/develop.mercatflors.cat\/wp-content\/uploads\/2021\/05\/6-Informe-valoraci\u00f3-de-m\u00e8rits.pdf\"><span style=\"color: #0000ff;\">Informe valoraci\u00f3 de m\u00e8rits<\/span><\/a><\/p>\n<p><span style=\"color: #0000ff;\"><a style=\"color: #0000ff;\" href=\"https:\/\/develop.mercatflors.cat\/wp-content\/uploads\/2021\/06\/7-Informe-entrevista-i-proposta-resolucio\u0301-web-1.pdf\">Informe entrevista i propuesta resolucio\u0301n<\/a><\/span><\/p>\n","protected":false},"excerpt":{"rendered":"<p>Descripci\u00f3 de l\u2019oferta:\u00a0T\u00e8cnic Auxiliar Denominaci\u00f3 del lloc:\u00a0Regidor Escenari Tipologia:\u00a0T\u00e8cnic Auxiliar Tipus de contracte:\u00a0Interinatge fins a cobertura definitiva de la vacant&#8230;<\/p>\n","protected":false},"author":1,"featured_media":0,"parent":0,"menu_order":0,"comment_status":"closed","ping_status":"closed","template":"","meta":{"_acf_changed":false,"footnotes":""},"class_list":["post-178499","page","type-page","status-publish","hentry"],"acf":[],"yoast_head":"<!-- This site is optimized with the Yoast SEO plugin v22.6 - https:\/\/yoast.com\/wordpress\/plugins\/seo\/ -->\n<title>Oferta de treball \u2013 REGIDOR ESCENARI - Mercat de les Flors<\/title>\n<meta name=\"robots\" content=\"index, follow, max-snippet:-1, max-image-preview:large, max-video-preview:-1\" \/>\n<link rel=\"canonical\" href=\"https:\/\/develop.mercatflors.cat\/es\/50471-2\/\" \/>\n<meta property=\"og:locale\" content=\"es_ES\" \/>\n<meta property=\"og:type\" content=\"article\" \/>\n<meta property=\"og:title\" content=\"Oferta de treball \u2013 REGIDOR ESCENARI - Mercat de les Flors\" \/>\n<meta property=\"og:description\" content=\"Descripci\u00f3 de l\u2019oferta:\u00a0T\u00e8cnic Auxiliar Denominaci\u00f3 del lloc:\u00a0Regidor Escenari Tipologia:\u00a0T\u00e8cnic Auxiliar Tipus de contracte:\u00a0Interinatge fins a cobertura definitiva de la vacant...\" \/>\n<meta property=\"og:url\" content=\"https:\/\/develop.mercatflors.cat\/es\/50471-2\/\" \/>\n<meta property=\"og:site_name\" content=\"Mercat de les Flors\" \/>\n<meta name=\"twitter:card\" content=\"summary_large_image\" \/>\n<meta name=\"twitter:label1\" content=\"Tiempo de lectura\" \/>\n\t<meta name=\"twitter:data1\" content=\"1 minuto\" \/>\n<script type=\"application\/ld+json\" class=\"yoast-schema-graph\">{\"@context\":\"https:\/\/schema.org\",\"@graph\":[{\"@type\":\"WebPage\",\"@id\":\"https:\/\/develop.mercatflors.cat\/es\/50471-2\/\",\"url\":\"https:\/\/develop.mercatflors.cat\/es\/50471-2\/\",\"name\":\"Oferta de treball \u2013 REGIDOR ESCENARI - Mercat de les Flors\",\"isPartOf\":{\"@id\":\"https:\/\/develop.mercatflors.cat\/es\/#website\"},\"datePublished\":\"2021-04-06T13:28:23+00:00\",\"dateModified\":\"2021-04-06T13:28:23+00:00\",\"breadcrumb\":{\"@id\":\"https:\/\/develop.mercatflors.cat\/es\/50471-2\/#breadcrumb\"},\"inLanguage\":\"es\",\"potentialAction\":[{\"@type\":\"ReadAction\",\"target\":[\"https:\/\/develop.mercatflors.cat\/es\/50471-2\/\"]}]},{\"@type\":\"BreadcrumbList\",\"@id\":\"https:\/\/develop.mercatflors.cat\/es\/50471-2\/#breadcrumb\",\"itemListElement\":[{\"@type\":\"ListItem\",\"position\":1,\"name\":\"Portada\",\"item\":\"https:\/\/develop.mercatflors.cat\/es\/\"},{\"@type\":\"ListItem\",\"position\":2,\"name\":\"Oferta de treball \u2013 REGIDOR ESCENARI\"}]},{\"@type\":\"WebSite\",\"@id\":\"https:\/\/develop.mercatflors.cat\/es\/#website\",\"url\":\"https:\/\/develop.mercatflors.cat\/es\/\",\"name\":\"Mercat de les Flors\",\"description\":\"\",\"publisher\":{\"@id\":\"https:\/\/develop.mercatflors.cat\/es\/#organization\"},\"potentialAction\":[{\"@type\":\"SearchAction\",\"target\":{\"@type\":\"EntryPoint\",\"urlTemplate\":\"https:\/\/develop.mercatflors.cat\/es\/?s={search_term_string}\"},\"query-input\":\"required name=search_term_string\"}],\"inLanguage\":\"es\"},{\"@type\":\"Organization\",\"@id\":\"https:\/\/develop.mercatflors.cat\/es\/#organization\",\"name\":\"Mercat de les Flors\",\"url\":\"https:\/\/develop.mercatflors.cat\/es\/\",\"logo\":{\"@type\":\"ImageObject\",\"inLanguage\":\"es\",\"@id\":\"https:\/\/develop.mercatflors.cat\/es\/#\/schema\/logo\/image\/\",\"url\":\"https:\/\/develop.mercatflors.cat\/wp-content\/uploads\/2022\/10\/header-logo.svg\",\"contentUrl\":\"https:\/\/develop.mercatflors.cat\/wp-content\/uploads\/2022\/10\/header-logo.svg\",\"width\":1,\"height\":1,\"caption\":\"Mercat de les Flors\"},\"image\":{\"@id\":\"https:\/\/develop.mercatflors.cat\/es\/#\/schema\/logo\/image\/\"}}]}<\/script>\n<!-- \/ Yoast SEO plugin. -->","yoast_head_json":{"title":"Oferta de treball \u2013 REGIDOR ESCENARI - Mercat de les Flors","robots":{"index":"index","follow":"follow","max-snippet":"max-snippet:-1","max-image-preview":"max-image-preview:large","max-video-preview":"max-video-preview:-1"},"canonical":"https:\/\/develop.mercatflors.cat\/es\/50471-2\/","og_locale":"es_ES","og_type":"article","og_title":"Oferta de treball \u2013 REGIDOR ESCENARI - Mercat de les Flors","og_description":"Descripci\u00f3 de l\u2019oferta:\u00a0T\u00e8cnic Auxiliar Denominaci\u00f3 del lloc:\u00a0Regidor Escenari Tipologia:\u00a0T\u00e8cnic Auxiliar Tipus de contracte:\u00a0Interinatge fins a cobertura definitiva de la vacant...","og_url":"https:\/\/develop.mercatflors.cat\/es\/50471-2\/","og_site_name":"Mercat de les Flors","twitter_card":"summary_large_image","twitter_misc":{"Tiempo de lectura":"1 minuto"},"schema":{"@context":"https:\/\/schema.org","@graph":[{"@type":"WebPage","@id":"https:\/\/develop.mercatflors.cat\/es\/50471-2\/","url":"https:\/\/develop.mercatflors.cat\/es\/50471-2\/","name":"Oferta de treball \u2013 REGIDOR ESCENARI - Mercat de les Flors","isPartOf":{"@id":"https:\/\/develop.mercatflors.cat\/es\/#website"},"datePublished":"2021-04-06T13:28:23+00:00","dateModified":"2021-04-06T13:28:23+00:00","breadcrumb":{"@id":"https:\/\/develop.mercatflors.cat\/es\/50471-2\/#breadcrumb"},"inLanguage":"es","potentialAction":[{"@type":"ReadAction","target":["https:\/\/develop.mercatflors.cat\/es\/50471-2\/"]}]},{"@type":"BreadcrumbList","@id":"https:\/\/develop.mercatflors.cat\/es\/50471-2\/#breadcrumb","itemListElement":[{"@type":"ListItem","position":1,"name":"Portada","item":"https:\/\/develop.mercatflors.cat\/es\/"},{"@type":"ListItem","position":2,"name":"Oferta de treball \u2013 REGIDOR ESCENARI"}]},{"@type":"WebSite","@id":"https:\/\/develop.mercatflors.cat\/es\/#website","url":"https:\/\/develop.mercatflors.cat\/es\/","name":"Mercat de les Flors","description":"","publisher":{"@id":"https:\/\/develop.mercatflors.cat\/es\/#organization"},"potentialAction":[{"@type":"SearchAction","target":{"@type":"EntryPoint","urlTemplate":"https:\/\/develop.mercatflors.cat\/es\/?s={search_term_string}"},"query-input":"required name=search_term_string"}],"inLanguage":"es"},{"@type":"Organization","@id":"https:\/\/develop.mercatflors.cat\/es\/#organization","name":"Mercat de les Flors","url":"https:\/\/develop.mercatflors.cat\/es\/","logo":{"@type":"ImageObject","inLanguage":"es","@id":"https:\/\/develop.mercatflors.cat\/es\/#\/schema\/logo\/image\/","url":"https:\/\/develop.mercatflors.cat\/wp-content\/uploads\/2022\/10\/header-logo.svg","contentUrl":"https:\/\/develop.mercatflors.cat\/wp-content\/uploads\/2022\/10\/header-logo.svg","width":1,"height":1,"caption":"Mercat de les Flors"},"image":{"@id":"https:\/\/develop.mercatflors.cat\/es\/#\/schema\/logo\/image\/"}}]}},"_links":{"self":[{"href":"https:\/\/develop.mercatflors.cat\/es\/wp-json\/wp\/v2\/pages\/178499","targetHints":{"allow":["GET"]}}],"collection":[{"href":"https:\/\/develop.mercatflors.cat\/es\/wp-json\/wp\/v2\/pages"}],"about":[{"href":"https:\/\/develop.mercatflors.cat\/es\/wp-json\/wp\/v2\/types\/page"}],"author":[{"embeddable":true,"href":"https:\/\/develop.mercatflors.cat\/es\/wp-json\/wp\/v2\/users\/1"}],"replies":[{"embeddable":true,"href":"https:\/\/develop.mercatflors.cat\/es\/wp-json\/wp\/v2\/comments?post=178499"}],"version-history":[{"count":0,"href":"https:\/\/develop.mercatflors.cat\/es\/wp-json\/wp\/v2\/pages\/178499\/revisions"}],"wp:attachment":[{"href":"https:\/\/develop.mercatflors.cat\/es\/wp-json\/wp\/v2\/media?parent=178499"}],"curies":[{"name":"wp","href":"https:\/\/api.w.org\/{rel}","templated":true}]}}