{"id":163878,"date":"2022-12-09T08:55:58","date_gmt":"2022-12-09T08:55:58","guid":{"rendered":"https:\/\/develop.mercatflors.cat\/programacio\/menus-de-temporada\/experiencies-singulars\/"},"modified":"2023-04-19T09:21:20","modified_gmt":"2023-04-19T09:21:20","slug":"experiencias-singulares","status":"publish","type":"page","link":"https:\/\/develop.mercatflors.cat\/es\/programacion\/menus-de-temporada\/experiencias-singulares\/","title":{"rendered":"Experiencias singulares"},"content":{"rendered":"\n<p>M\u00e1s all\u00e1 del nombre. Para los m\u00e1s curiosos<\/p>\n","protected":false},"excerpt":{"rendered":"<p>M\u00e1s all\u00e1 del nombre. Para los m\u00e1s curiosos<\/p>\n","protected":false},"author":1,"featured_media":64310,"parent":163436,"menu_order":70,"comment_status":"closed","ping_status":"closed","template":"","meta":{"_acf_changed":false,"footnotes":""},"class_list":["post-163878","page","type-page","status-publish","has-post-thumbnail","hentry"],"acf":[],"yoast_head":"<!-- This site is optimized with the Yoast SEO plugin v22.6 - https:\/\/yoast.com\/wordpress\/plugins\/seo\/ -->\n<title>Experiencias singulares - Mercat de les Flors<\/title>\n<meta name=\"robots\" content=\"index, follow, max-snippet:-1, max-image-preview:large, max-video-preview:-1\" \/>\n<link rel=\"canonical\" href=\"https:\/\/develop.mercatflors.cat\/es\/programacion\/menus-de-temporada\/experiencias-singulares\/\" \/>\n<meta property=\"og:locale\" content=\"es_ES\" \/>\n<meta property=\"og:type\" content=\"article\" \/>\n<meta property=\"og:title\" content=\"Experiencias singulares - Mercat de les Flors\" \/>\n<meta property=\"og:description\" content=\"M\u00e1s all\u00e1 del nombre. Para los m\u00e1s curiosos\" \/>\n<meta property=\"og:url\" content=\"https:\/\/develop.mercatflors.cat\/es\/programacion\/menus-de-temporada\/experiencias-singulares\/\" \/>\n<meta property=\"og:site_name\" content=\"Mercat de les Flors\" \/>\n<meta property=\"article:modified_time\" content=\"2023-04-19T09:21:20+00:00\" \/>\n<meta property=\"og:image\" content=\"https:\/\/develop.mercatflors.cat\/wp-content\/uploads\/2022\/12\/ALICE-RIPOLL_790x490-1.jpg\" \/>\n\t<meta property=\"og:image:width\" content=\"790\" \/>\n\t<meta property=\"og:image:height\" content=\"490\" \/>\n\t<meta property=\"og:image:type\" content=\"image\/jpeg\" \/>\n<meta name=\"twitter:card\" content=\"summary_large_image\" \/>\n<script type=\"application\/ld+json\" class=\"yoast-schema-graph\">{\"@context\":\"https:\/\/schema.org\",\"@graph\":[{\"@type\":\"WebPage\",\"@id\":\"https:\/\/develop.mercatflors.cat\/es\/programacion\/menus-de-temporada\/experiencias-singulares\/\",\"url\":\"https:\/\/develop.mercatflors.cat\/es\/programacion\/menus-de-temporada\/experiencias-singulares\/\",\"name\":\"Experiencias singulares - Mercat de les Flors\",\"isPartOf\":{\"@id\":\"https:\/\/develop.mercatflors.cat\/es\/#website\"},\"primaryImageOfPage\":{\"@id\":\"https:\/\/develop.mercatflors.cat\/es\/programacion\/menus-de-temporada\/experiencias-singulares\/#primaryimage\"},\"image\":{\"@id\":\"https:\/\/develop.mercatflors.cat\/es\/programacion\/menus-de-temporada\/experiencias-singulares\/#primaryimage\"},\"thumbnailUrl\":\"https:\/\/develop.mercatflors.cat\/wp-content\/uploads\/2022\/12\/ALICE-RIPOLL_790x490-1.jpg\",\"datePublished\":\"2022-12-09T08:55:58+00:00\",\"dateModified\":\"2023-04-19T09:21:20+00:00\",\"breadcrumb\":{\"@id\":\"https:\/\/develop.mercatflors.cat\/es\/programacion\/menus-de-temporada\/experiencias-singulares\/#breadcrumb\"},\"inLanguage\":\"es\",\"potentialAction\":[{\"@type\":\"ReadAction\",\"target\":[\"https:\/\/develop.mercatflors.cat\/es\/programacion\/menus-de-temporada\/experiencias-singulares\/\"]}]},{\"@type\":\"ImageObject\",\"inLanguage\":\"es\",\"@id\":\"https:\/\/develop.mercatflors.cat\/es\/programacion\/menus-de-temporada\/experiencias-singulares\/#primaryimage\",\"url\":\"https:\/\/develop.mercatflors.cat\/wp-content\/uploads\/2022\/12\/ALICE-RIPOLL_790x490-1.jpg\",\"contentUrl\":\"https:\/\/develop.mercatflors.cat\/wp-content\/uploads\/2022\/12\/ALICE-RIPOLL_790x490-1.jpg\",\"width\":790,\"height\":490},{\"@type\":\"BreadcrumbList\",\"@id\":\"https:\/\/develop.mercatflors.cat\/es\/programacion\/menus-de-temporada\/experiencias-singulares\/#breadcrumb\",\"itemListElement\":[{\"@type\":\"ListItem\",\"position\":1,\"name\":\"Portada\",\"item\":\"https:\/\/develop.mercatflors.cat\/es\/\"},{\"@type\":\"ListItem\",\"position\":2,\"name\":\"Programaci\u00f3n\",\"item\":\"https:\/\/develop.mercatflors.cat\/es\/programacion\/\"},{\"@type\":\"ListItem\",\"position\":3,\"name\":\"Men\u00fas de temporada\",\"item\":\"https:\/\/develop.mercatflors.cat\/es\/programacion\/menus-de-temporada\/\"},{\"@type\":\"ListItem\",\"position\":4,\"name\":\"Experiencias singulares\"}]},{\"@type\":\"WebSite\",\"@id\":\"https:\/\/develop.mercatflors.cat\/es\/#website\",\"url\":\"https:\/\/develop.mercatflors.cat\/es\/\",\"name\":\"Mercat de les Flors\",\"description\":\"\",\"publisher\":{\"@id\":\"https:\/\/develop.mercatflors.cat\/es\/#organization\"},\"potentialAction\":[{\"@type\":\"SearchAction\",\"target\":{\"@type\":\"EntryPoint\",\"urlTemplate\":\"https:\/\/develop.mercatflors.cat\/es\/?s={search_term_string}\"},\"query-input\":\"required name=search_term_string\"}],\"inLanguage\":\"es\"},{\"@type\":\"Organization\",\"@id\":\"https:\/\/develop.mercatflors.cat\/es\/#organization\",\"name\":\"Mercat de les Flors\",\"url\":\"https:\/\/develop.mercatflors.cat\/es\/\",\"logo\":{\"@type\":\"ImageObject\",\"inLanguage\":\"es\",\"@id\":\"https:\/\/develop.mercatflors.cat\/es\/#\/schema\/logo\/image\/\",\"url\":\"https:\/\/develop.mercatflors.cat\/wp-content\/uploads\/2022\/10\/header-logo.svg\",\"contentUrl\":\"https:\/\/develop.mercatflors.cat\/wp-content\/uploads\/2022\/10\/header-logo.svg\",\"width\":1,\"height\":1,\"caption\":\"Mercat de les Flors\"},\"image\":{\"@id\":\"https:\/\/develop.mercatflors.cat\/es\/#\/schema\/logo\/image\/\"}}]}<\/script>\n<!-- \/ Yoast SEO plugin. -->","yoast_head_json":{"title":"Experiencias singulares - Mercat de les Flors","robots":{"index":"index","follow":"follow","max-snippet":"max-snippet:-1","max-image-preview":"max-image-preview:large","max-video-preview":"max-video-preview:-1"},"canonical":"https:\/\/develop.mercatflors.cat\/es\/programacion\/menus-de-temporada\/experiencias-singulares\/","og_locale":"es_ES","og_type":"article","og_title":"Experiencias singulares - Mercat de les Flors","og_description":"M\u00e1s all\u00e1 del nombre. Para los m\u00e1s curiosos","og_url":"https:\/\/develop.mercatflors.cat\/es\/programacion\/menus-de-temporada\/experiencias-singulares\/","og_site_name":"Mercat de les Flors","article_modified_time":"2023-04-19T09:21:20+00:00","og_image":[{"width":790,"height":490,"url":"https:\/\/develop.mercatflors.cat\/wp-content\/uploads\/2022\/12\/ALICE-RIPOLL_790x490-1.jpg","type":"image\/jpeg"}],"twitter_card":"summary_large_image","schema":{"@context":"https:\/\/schema.org","@graph":[{"@type":"WebPage","@id":"https:\/\/develop.mercatflors.cat\/es\/programacion\/menus-de-temporada\/experiencias-singulares\/","url":"https:\/\/develop.mercatflors.cat\/es\/programacion\/menus-de-temporada\/experiencias-singulares\/","name":"Experiencias singulares - Mercat de les Flors","isPartOf":{"@id":"https:\/\/develop.mercatflors.cat\/es\/#website"},"primaryImageOfPage":{"@id":"https:\/\/develop.mercatflors.cat\/es\/programacion\/menus-de-temporada\/experiencias-singulares\/#primaryimage"},"image":{"@id":"https:\/\/develop.mercatflors.cat\/es\/programacion\/menus-de-temporada\/experiencias-singulares\/#primaryimage"},"thumbnailUrl":"https:\/\/develop.mercatflors.cat\/wp-content\/uploads\/2022\/12\/ALICE-RIPOLL_790x490-1.jpg","datePublished":"2022-12-09T08:55:58+00:00","dateModified":"2023-04-19T09:21:20+00:00","breadcrumb":{"@id":"https:\/\/develop.mercatflors.cat\/es\/programacion\/menus-de-temporada\/experiencias-singulares\/#breadcrumb"},"inLanguage":"es","potentialAction":[{"@type":"ReadAction","target":["https:\/\/develop.mercatflors.cat\/es\/programacion\/menus-de-temporada\/experiencias-singulares\/"]}]},{"@type":"ImageObject","inLanguage":"es","@id":"https:\/\/develop.mercatflors.cat\/es\/programacion\/menus-de-temporada\/experiencias-singulares\/#primaryimage","url":"https:\/\/develop.mercatflors.cat\/wp-content\/uploads\/2022\/12\/ALICE-RIPOLL_790x490-1.jpg","contentUrl":"https:\/\/develop.mercatflors.cat\/wp-content\/uploads\/2022\/12\/ALICE-RIPOLL_790x490-1.jpg","width":790,"height":490},{"@type":"BreadcrumbList","@id":"https:\/\/develop.mercatflors.cat\/es\/programacion\/menus-de-temporada\/experiencias-singulares\/#breadcrumb","itemListElement":[{"@type":"ListItem","position":1,"name":"Portada","item":"https:\/\/develop.mercatflors.cat\/es\/"},{"@type":"ListItem","position":2,"name":"Programaci\u00f3n","item":"https:\/\/develop.mercatflors.cat\/es\/programacion\/"},{"@type":"ListItem","position":3,"name":"Men\u00fas de temporada","item":"https:\/\/develop.mercatflors.cat\/es\/programacion\/menus-de-temporada\/"},{"@type":"ListItem","position":4,"name":"Experiencias singulares"}]},{"@type":"WebSite","@id":"https:\/\/develop.mercatflors.cat\/es\/#website","url":"https:\/\/develop.mercatflors.cat\/es\/","name":"Mercat de les Flors","description":"","publisher":{"@id":"https:\/\/develop.mercatflors.cat\/es\/#organization"},"potentialAction":[{"@type":"SearchAction","target":{"@type":"EntryPoint","urlTemplate":"https:\/\/develop.mercatflors.cat\/es\/?s={search_term_string}"},"query-input":"required name=search_term_string"}],"inLanguage":"es"},{"@type":"Organization","@id":"https:\/\/develop.mercatflors.cat\/es\/#organization","name":"Mercat de les Flors","url":"https:\/\/develop.mercatflors.cat\/es\/","logo":{"@type":"ImageObject","inLanguage":"es","@id":"https:\/\/develop.mercatflors.cat\/es\/#\/schema\/logo\/image\/","url":"https:\/\/develop.mercatflors.cat\/wp-content\/uploads\/2022\/10\/header-logo.svg","contentUrl":"https:\/\/develop.mercatflors.cat\/wp-content\/uploads\/2022\/10\/header-logo.svg","width":1,"height":1,"caption":"Mercat de les Flors"},"image":{"@id":"https:\/\/develop.mercatflors.cat\/es\/#\/schema\/logo\/image\/"}}]}},"_links":{"self":[{"href":"https:\/\/develop.mercatflors.cat\/es\/wp-json\/wp\/v2\/pages\/163878","targetHints":{"allow":["GET"]}}],"collection":[{"href":"https:\/\/develop.mercatflors.cat\/es\/wp-json\/wp\/v2\/pages"}],"about":[{"href":"https:\/\/develop.mercatflors.cat\/es\/wp-json\/wp\/v2\/types\/page"}],"author":[{"embeddable":true,"href":"https:\/\/develop.mercatflors.cat\/es\/wp-json\/wp\/v2\/users\/1"}],"replies":[{"embeddable":true,"href":"https:\/\/develop.mercatflors.cat\/es\/wp-json\/wp\/v2\/comments?post=163878"}],"version-history":[{"count":2,"href":"https:\/\/develop.mercatflors.cat\/es\/wp-json\/wp\/v2\/pages\/163878\/revisions"}],"predecessor-version":[{"id":164206,"href":"https:\/\/develop.mercatflors.cat\/es\/wp-json\/wp\/v2\/pages\/163878\/revisions\/164206"}],"up":[{"embeddable":true,"href":"https:\/\/develop.mercatflors.cat\/es\/wp-json\/wp\/v2\/pages\/163436"}],"wp:featuredmedia":[{"embeddable":true,"href":"https:\/\/develop.mercatflors.cat\/es\/wp-json\/wp\/v2\/media\/64310"}],"wp:attachment":[{"href":"https:\/\/develop.mercatflors.cat\/es\/wp-json\/wp\/v2\/media?parent=163878"}],"curies":[{"name":"wp","href":"https:\/\/api.w.org\/{rel}","templated":true}]}}