{"id":163479,"date":"2022-10-18T07:44:35","date_gmt":"2022-10-18T07:44:35","guid":{"rendered":"https:\/\/develop.mercatflors.cat\/educacio\/"},"modified":"2023-06-22T09:50:35","modified_gmt":"2023-06-22T09:50:35","slug":"educacion","status":"publish","type":"page","link":"https:\/\/develop.mercatflors.cat\/es\/educacion\/","title":{"rendered":"Educaci\u00f3n"},"content":{"rendered":"\n<h4 class=\"wp-block-heading\">Ofrecemos un amplio abanico de espect\u00e1culos, actividades y recursos pedag\u00f3gicos tanto para alumnos como para maestros<\/h4>\n\n\n\n<p class=\"has-white-color has-text-color\"><strong>Ofrecemos un amplio abanico de recursos pedag\u00f3gicos tanto para alumnos como para maestros<\/strong><\/p>\n\n\n\n<p><a href=\"https:\/\/develop.mercatflors.cat\/wp-content\/uploads\/2023\/06\/MDLF_EDUCATIUS_A3_VF.pdf\">DESCARGAR EL DESPLEGABLE DE EDUCATIVOS 0-18<\/a><\/p>\n","protected":false},"excerpt":{"rendered":"<p>Ofrecemos un amplio abanico de espect\u00e1culos, actividades y recursos pedag\u00f3gicos tanto para alumnos como para maestros Ofrecemos un amplio abanico&#8230;<\/p>\n","protected":false},"author":1,"featured_media":0,"parent":0,"menu_order":143,"comment_status":"closed","ping_status":"closed","template":"page-templates\/distribuidora.php","meta":{"_acf_changed":false,"footnotes":""},"class_list":["post-163479","page","type-page","status-publish","hentry"],"acf":[],"yoast_head":"<!-- This site is optimized with the Yoast SEO plugin v22.6 - https:\/\/yoast.com\/wordpress\/plugins\/seo\/ -->\n<title>Educaci\u00f3n - Mercat de les Flors<\/title>\n<meta name=\"robots\" content=\"index, follow, max-snippet:-1, max-image-preview:large, max-video-preview:-1\" \/>\n<link rel=\"canonical\" href=\"https:\/\/develop.mercatflors.cat\/es\/educacion\/\" \/>\n<meta property=\"og:locale\" content=\"es_ES\" \/>\n<meta property=\"og:type\" content=\"article\" \/>\n<meta property=\"og:title\" content=\"Educaci\u00f3n - Mercat de les Flors\" \/>\n<meta property=\"og:description\" content=\"Ofrecemos un amplio abanico de espect\u00e1culos, actividades y recursos pedag\u00f3gicos tanto para alumnos como para maestros Ofrecemos un amplio abanico...\" \/>\n<meta property=\"og:url\" content=\"https:\/\/develop.mercatflors.cat\/es\/educacion\/\" \/>\n<meta property=\"og:site_name\" content=\"Mercat de les Flors\" \/>\n<meta property=\"article:modified_time\" content=\"2023-06-22T09:50:35+00:00\" \/>\n<meta name=\"twitter:card\" content=\"summary_large_image\" \/>\n<meta name=\"twitter:label1\" content=\"Tiempo de lectura\" \/>\n\t<meta name=\"twitter:data1\" content=\"1 minuto\" \/>\n<script type=\"application\/ld+json\" class=\"yoast-schema-graph\">{\"@context\":\"https:\/\/schema.org\",\"@graph\":[{\"@type\":\"WebPage\",\"@id\":\"https:\/\/develop.mercatflors.cat\/es\/educacion\/\",\"url\":\"https:\/\/develop.mercatflors.cat\/es\/educacion\/\",\"name\":\"Educaci\u00f3n - Mercat de les Flors\",\"isPartOf\":{\"@id\":\"https:\/\/develop.mercatflors.cat\/es\/#website\"},\"datePublished\":\"2022-10-18T07:44:35+00:00\",\"dateModified\":\"2023-06-22T09:50:35+00:00\",\"breadcrumb\":{\"@id\":\"https:\/\/develop.mercatflors.cat\/es\/educacion\/#breadcrumb\"},\"inLanguage\":\"es\",\"potentialAction\":[{\"@type\":\"ReadAction\",\"target\":[\"https:\/\/develop.mercatflors.cat\/es\/educacion\/\"]}]},{\"@type\":\"BreadcrumbList\",\"@id\":\"https:\/\/develop.mercatflors.cat\/es\/educacion\/#breadcrumb\",\"itemListElement\":[{\"@type\":\"ListItem\",\"position\":1,\"name\":\"Portada\",\"item\":\"https:\/\/develop.mercatflors.cat\/es\/\"},{\"@type\":\"ListItem\",\"position\":2,\"name\":\"Educaci\u00f3n\"}]},{\"@type\":\"WebSite\",\"@id\":\"https:\/\/develop.mercatflors.cat\/es\/#website\",\"url\":\"https:\/\/develop.mercatflors.cat\/es\/\",\"name\":\"Mercat de les Flors\",\"description\":\"\",\"publisher\":{\"@id\":\"https:\/\/develop.mercatflors.cat\/es\/#organization\"},\"potentialAction\":[{\"@type\":\"SearchAction\",\"target\":{\"@type\":\"EntryPoint\",\"urlTemplate\":\"https:\/\/develop.mercatflors.cat\/es\/?s={search_term_string}\"},\"query-input\":\"required name=search_term_string\"}],\"inLanguage\":\"es\"},{\"@type\":\"Organization\",\"@id\":\"https:\/\/develop.mercatflors.cat\/es\/#organization\",\"name\":\"Mercat de les Flors\",\"url\":\"https:\/\/develop.mercatflors.cat\/es\/\",\"logo\":{\"@type\":\"ImageObject\",\"inLanguage\":\"es\",\"@id\":\"https:\/\/develop.mercatflors.cat\/es\/#\/schema\/logo\/image\/\",\"url\":\"https:\/\/develop.mercatflors.cat\/wp-content\/uploads\/2022\/10\/header-logo.svg\",\"contentUrl\":\"https:\/\/develop.mercatflors.cat\/wp-content\/uploads\/2022\/10\/header-logo.svg\",\"width\":1,\"height\":1,\"caption\":\"Mercat de les Flors\"},\"image\":{\"@id\":\"https:\/\/develop.mercatflors.cat\/es\/#\/schema\/logo\/image\/\"}}]}<\/script>\n<!-- \/ Yoast SEO plugin. -->","yoast_head_json":{"title":"Educaci\u00f3n - Mercat de les Flors","robots":{"index":"index","follow":"follow","max-snippet":"max-snippet:-1","max-image-preview":"max-image-preview:large","max-video-preview":"max-video-preview:-1"},"canonical":"https:\/\/develop.mercatflors.cat\/es\/educacion\/","og_locale":"es_ES","og_type":"article","og_title":"Educaci\u00f3n - Mercat de les Flors","og_description":"Ofrecemos un amplio abanico de espect\u00e1culos, actividades y recursos pedag\u00f3gicos tanto para alumnos como para maestros Ofrecemos un amplio abanico...","og_url":"https:\/\/develop.mercatflors.cat\/es\/educacion\/","og_site_name":"Mercat de les Flors","article_modified_time":"2023-06-22T09:50:35+00:00","twitter_card":"summary_large_image","twitter_misc":{"Tiempo de lectura":"1 minuto"},"schema":{"@context":"https:\/\/schema.org","@graph":[{"@type":"WebPage","@id":"https:\/\/develop.mercatflors.cat\/es\/educacion\/","url":"https:\/\/develop.mercatflors.cat\/es\/educacion\/","name":"Educaci\u00f3n - Mercat de les Flors","isPartOf":{"@id":"https:\/\/develop.mercatflors.cat\/es\/#website"},"datePublished":"2022-10-18T07:44:35+00:00","dateModified":"2023-06-22T09:50:35+00:00","breadcrumb":{"@id":"https:\/\/develop.mercatflors.cat\/es\/educacion\/#breadcrumb"},"inLanguage":"es","potentialAction":[{"@type":"ReadAction","target":["https:\/\/develop.mercatflors.cat\/es\/educacion\/"]}]},{"@type":"BreadcrumbList","@id":"https:\/\/develop.mercatflors.cat\/es\/educacion\/#breadcrumb","itemListElement":[{"@type":"ListItem","position":1,"name":"Portada","item":"https:\/\/develop.mercatflors.cat\/es\/"},{"@type":"ListItem","position":2,"name":"Educaci\u00f3n"}]},{"@type":"WebSite","@id":"https:\/\/develop.mercatflors.cat\/es\/#website","url":"https:\/\/develop.mercatflors.cat\/es\/","name":"Mercat de les Flors","description":"","publisher":{"@id":"https:\/\/develop.mercatflors.cat\/es\/#organization"},"potentialAction":[{"@type":"SearchAction","target":{"@type":"EntryPoint","urlTemplate":"https:\/\/develop.mercatflors.cat\/es\/?s={search_term_string}"},"query-input":"required name=search_term_string"}],"inLanguage":"es"},{"@type":"Organization","@id":"https:\/\/develop.mercatflors.cat\/es\/#organization","name":"Mercat de les Flors","url":"https:\/\/develop.mercatflors.cat\/es\/","logo":{"@type":"ImageObject","inLanguage":"es","@id":"https:\/\/develop.mercatflors.cat\/es\/#\/schema\/logo\/image\/","url":"https:\/\/develop.mercatflors.cat\/wp-content\/uploads\/2022\/10\/header-logo.svg","contentUrl":"https:\/\/develop.mercatflors.cat\/wp-content\/uploads\/2022\/10\/header-logo.svg","width":1,"height":1,"caption":"Mercat de les Flors"},"image":{"@id":"https:\/\/develop.mercatflors.cat\/es\/#\/schema\/logo\/image\/"}}]}},"_links":{"self":[{"href":"https:\/\/develop.mercatflors.cat\/es\/wp-json\/wp\/v2\/pages\/163479","targetHints":{"allow":["GET"]}}],"collection":[{"href":"https:\/\/develop.mercatflors.cat\/es\/wp-json\/wp\/v2\/pages"}],"about":[{"href":"https:\/\/develop.mercatflors.cat\/es\/wp-json\/wp\/v2\/types\/page"}],"author":[{"embeddable":true,"href":"https:\/\/develop.mercatflors.cat\/es\/wp-json\/wp\/v2\/users\/1"}],"replies":[{"embeddable":true,"href":"https:\/\/develop.mercatflors.cat\/es\/wp-json\/wp\/v2\/comments?post=163479"}],"version-history":[{"count":3,"href":"https:\/\/develop.mercatflors.cat\/es\/wp-json\/wp\/v2\/pages\/163479\/revisions"}],"predecessor-version":[{"id":182021,"href":"https:\/\/develop.mercatflors.cat\/es\/wp-json\/wp\/v2\/pages\/163479\/revisions\/182021"}],"wp:attachment":[{"href":"https:\/\/develop.mercatflors.cat\/es\/wp-json\/wp\/v2\/media?parent=163479"}],"curies":[{"name":"wp","href":"https:\/\/api.w.org\/{rel}","templated":true}]}}