{"id":174729,"date":"2022-11-15T13:45:26","date_gmt":"2022-11-15T13:45:26","guid":{"rendered":"https:\/\/develop.mercatflors.cat\/el-mercat\/convocatories-ajuts-i-beques\/"},"modified":"2023-06-08T14:58:35","modified_gmt":"2023-06-08T14:58:35","slug":"calls-for-applications-for-grants-and-scholarships","status":"publish","type":"page","link":"https:\/\/develop.mercatflors.cat\/en\/the-mercat\/calls-for-applications-for-grants-and-scholarships\/","title":{"rendered":"Grants and scholarships"},"content":{"rendered":"\n<p><a href=\"https:\/\/develop.mercatflors.cat\/informacio-basica-sobre-la-proteccio-de-dades\/\">Informaci\u00f3 b\u00e0sica sobre la protecci\u00f3 de dades<\/a><\/p>\n\n\n\n<p><a href=\"https:\/\/develop.mercatflors.cat\/wp-content\/uploads\/2019\/12\/BASES-REGULADORES-PER-A-LA-CONCESSI%C3%93-DE-PREMIS-CMF.pdf\">Bases generals concessi\u00f3 ajuts i beques<\/a><\/p>\n","protected":false},"excerpt":{"rendered":"<p>Informaci\u00f3 b\u00e0sica sobre la protecci\u00f3 de dades Bases generals concessi\u00f3 ajuts i beques<\/p>\n","protected":false},"author":1,"featured_media":127592,"parent":174724,"menu_order":84,"comment_status":"closed","ping_status":"closed","template":"","meta":{"_acf_changed":false,"footnotes":""},"class_list":["post-174729","page","type-page","status-publish","has-post-thumbnail","hentry"],"acf":[],"yoast_head":"<!-- This site is optimized with the Yoast SEO plugin v22.6 - https:\/\/yoast.com\/wordpress\/plugins\/seo\/ -->\n<title>Grants and scholarships - Mercat de les Flors<\/title>\n<meta name=\"robots\" content=\"index, follow, max-snippet:-1, max-image-preview:large, max-video-preview:-1\" \/>\n<link rel=\"canonical\" href=\"https:\/\/develop.mercatflors.cat\/en\/the-mercat\/calls-for-applications-for-grants-and-scholarships\/\" \/>\n<meta property=\"og:locale\" content=\"en_US\" \/>\n<meta property=\"og:type\" content=\"article\" \/>\n<meta property=\"og:title\" content=\"Grants and scholarships - Mercat de les Flors\" \/>\n<meta property=\"og:description\" content=\"Informaci\u00f3 b\u00e0sica sobre la protecci\u00f3 de dades Bases generals concessi\u00f3 ajuts i beques\" \/>\n<meta property=\"og:url\" content=\"https:\/\/develop.mercatflors.cat\/en\/the-mercat\/calls-for-applications-for-grants-and-scholarships\/\" \/>\n<meta property=\"og:site_name\" content=\"Mercat de les Flors\" \/>\n<meta property=\"article:modified_time\" content=\"2023-06-08T14:58:35+00:00\" \/>\n<meta property=\"og:image\" content=\"https:\/\/develop.mercatflors.cat\/wp-content\/uploads\/2022\/12\/salaPB.jpg\" \/>\n\t<meta property=\"og:image:width\" content=\"790\" \/>\n\t<meta property=\"og:image:height\" content=\"490\" \/>\n\t<meta property=\"og:image:type\" content=\"image\/jpeg\" \/>\n<meta name=\"twitter:card\" content=\"summary_large_image\" \/>\n<script type=\"application\/ld+json\" class=\"yoast-schema-graph\">{\"@context\":\"https:\/\/schema.org\",\"@graph\":[{\"@type\":\"WebPage\",\"@id\":\"https:\/\/develop.mercatflors.cat\/en\/the-mercat\/calls-for-applications-for-grants-and-scholarships\/\",\"url\":\"https:\/\/develop.mercatflors.cat\/en\/the-mercat\/calls-for-applications-for-grants-and-scholarships\/\",\"name\":\"Grants and scholarships - Mercat de les Flors\",\"isPartOf\":{\"@id\":\"https:\/\/develop.mercatflors.cat\/en\/#website\"},\"primaryImageOfPage\":{\"@id\":\"https:\/\/develop.mercatflors.cat\/en\/the-mercat\/calls-for-applications-for-grants-and-scholarships\/#primaryimage\"},\"image\":{\"@id\":\"https:\/\/develop.mercatflors.cat\/en\/the-mercat\/calls-for-applications-for-grants-and-scholarships\/#primaryimage\"},\"thumbnailUrl\":\"https:\/\/develop.mercatflors.cat\/wp-content\/uploads\/2022\/12\/salaPB.jpg\",\"datePublished\":\"2022-11-15T13:45:26+00:00\",\"dateModified\":\"2023-06-08T14:58:35+00:00\",\"breadcrumb\":{\"@id\":\"https:\/\/develop.mercatflors.cat\/en\/the-mercat\/calls-for-applications-for-grants-and-scholarships\/#breadcrumb\"},\"inLanguage\":\"en-US\",\"potentialAction\":[{\"@type\":\"ReadAction\",\"target\":[\"https:\/\/develop.mercatflors.cat\/en\/the-mercat\/calls-for-applications-for-grants-and-scholarships\/\"]}]},{\"@type\":\"ImageObject\",\"inLanguage\":\"en-US\",\"@id\":\"https:\/\/develop.mercatflors.cat\/en\/the-mercat\/calls-for-applications-for-grants-and-scholarships\/#primaryimage\",\"url\":\"https:\/\/develop.mercatflors.cat\/wp-content\/uploads\/2022\/12\/salaPB.jpg\",\"contentUrl\":\"https:\/\/develop.mercatflors.cat\/wp-content\/uploads\/2022\/12\/salaPB.jpg\",\"width\":790,\"height\":490},{\"@type\":\"BreadcrumbList\",\"@id\":\"https:\/\/develop.mercatflors.cat\/en\/the-mercat\/calls-for-applications-for-grants-and-scholarships\/#breadcrumb\",\"itemListElement\":[{\"@type\":\"ListItem\",\"position\":1,\"name\":\"Portada\",\"item\":\"https:\/\/develop.mercatflors.cat\/en\/\"},{\"@type\":\"ListItem\",\"position\":2,\"name\":\"The Mercat\",\"item\":\"https:\/\/develop.mercatflors.cat\/en\/the-mercat\/\"},{\"@type\":\"ListItem\",\"position\":3,\"name\":\"Grants and scholarships\"}]},{\"@type\":\"WebSite\",\"@id\":\"https:\/\/develop.mercatflors.cat\/en\/#website\",\"url\":\"https:\/\/develop.mercatflors.cat\/en\/\",\"name\":\"Mercat de les Flors\",\"description\":\"\",\"publisher\":{\"@id\":\"https:\/\/develop.mercatflors.cat\/en\/#organization\"},\"potentialAction\":[{\"@type\":\"SearchAction\",\"target\":{\"@type\":\"EntryPoint\",\"urlTemplate\":\"https:\/\/develop.mercatflors.cat\/en\/?s={search_term_string}\"},\"query-input\":\"required name=search_term_string\"}],\"inLanguage\":\"en-US\"},{\"@type\":\"Organization\",\"@id\":\"https:\/\/develop.mercatflors.cat\/en\/#organization\",\"name\":\"Mercat de les Flors\",\"url\":\"https:\/\/develop.mercatflors.cat\/en\/\",\"logo\":{\"@type\":\"ImageObject\",\"inLanguage\":\"en-US\",\"@id\":\"https:\/\/develop.mercatflors.cat\/en\/#\/schema\/logo\/image\/\",\"url\":\"https:\/\/develop.mercatflors.cat\/wp-content\/uploads\/2022\/10\/header-logo.svg\",\"contentUrl\":\"https:\/\/develop.mercatflors.cat\/wp-content\/uploads\/2022\/10\/header-logo.svg\",\"width\":1,\"height\":1,\"caption\":\"Mercat de les Flors\"},\"image\":{\"@id\":\"https:\/\/develop.mercatflors.cat\/en\/#\/schema\/logo\/image\/\"}}]}<\/script>\n<!-- \/ Yoast SEO plugin. -->","yoast_head_json":{"title":"Grants and scholarships - Mercat de les Flors","robots":{"index":"index","follow":"follow","max-snippet":"max-snippet:-1","max-image-preview":"max-image-preview:large","max-video-preview":"max-video-preview:-1"},"canonical":"https:\/\/develop.mercatflors.cat\/en\/the-mercat\/calls-for-applications-for-grants-and-scholarships\/","og_locale":"en_US","og_type":"article","og_title":"Grants and scholarships - Mercat de les Flors","og_description":"Informaci\u00f3 b\u00e0sica sobre la protecci\u00f3 de dades Bases generals concessi\u00f3 ajuts i beques","og_url":"https:\/\/develop.mercatflors.cat\/en\/the-mercat\/calls-for-applications-for-grants-and-scholarships\/","og_site_name":"Mercat de les Flors","article_modified_time":"2023-06-08T14:58:35+00:00","og_image":[{"width":790,"height":490,"url":"https:\/\/develop.mercatflors.cat\/wp-content\/uploads\/2022\/12\/salaPB.jpg","type":"image\/jpeg"}],"twitter_card":"summary_large_image","schema":{"@context":"https:\/\/schema.org","@graph":[{"@type":"WebPage","@id":"https:\/\/develop.mercatflors.cat\/en\/the-mercat\/calls-for-applications-for-grants-and-scholarships\/","url":"https:\/\/develop.mercatflors.cat\/en\/the-mercat\/calls-for-applications-for-grants-and-scholarships\/","name":"Grants and scholarships - Mercat de les Flors","isPartOf":{"@id":"https:\/\/develop.mercatflors.cat\/en\/#website"},"primaryImageOfPage":{"@id":"https:\/\/develop.mercatflors.cat\/en\/the-mercat\/calls-for-applications-for-grants-and-scholarships\/#primaryimage"},"image":{"@id":"https:\/\/develop.mercatflors.cat\/en\/the-mercat\/calls-for-applications-for-grants-and-scholarships\/#primaryimage"},"thumbnailUrl":"https:\/\/develop.mercatflors.cat\/wp-content\/uploads\/2022\/12\/salaPB.jpg","datePublished":"2022-11-15T13:45:26+00:00","dateModified":"2023-06-08T14:58:35+00:00","breadcrumb":{"@id":"https:\/\/develop.mercatflors.cat\/en\/the-mercat\/calls-for-applications-for-grants-and-scholarships\/#breadcrumb"},"inLanguage":"en-US","potentialAction":[{"@type":"ReadAction","target":["https:\/\/develop.mercatflors.cat\/en\/the-mercat\/calls-for-applications-for-grants-and-scholarships\/"]}]},{"@type":"ImageObject","inLanguage":"en-US","@id":"https:\/\/develop.mercatflors.cat\/en\/the-mercat\/calls-for-applications-for-grants-and-scholarships\/#primaryimage","url":"https:\/\/develop.mercatflors.cat\/wp-content\/uploads\/2022\/12\/salaPB.jpg","contentUrl":"https:\/\/develop.mercatflors.cat\/wp-content\/uploads\/2022\/12\/salaPB.jpg","width":790,"height":490},{"@type":"BreadcrumbList","@id":"https:\/\/develop.mercatflors.cat\/en\/the-mercat\/calls-for-applications-for-grants-and-scholarships\/#breadcrumb","itemListElement":[{"@type":"ListItem","position":1,"name":"Portada","item":"https:\/\/develop.mercatflors.cat\/en\/"},{"@type":"ListItem","position":2,"name":"The Mercat","item":"https:\/\/develop.mercatflors.cat\/en\/the-mercat\/"},{"@type":"ListItem","position":3,"name":"Grants and scholarships"}]},{"@type":"WebSite","@id":"https:\/\/develop.mercatflors.cat\/en\/#website","url":"https:\/\/develop.mercatflors.cat\/en\/","name":"Mercat de les Flors","description":"","publisher":{"@id":"https:\/\/develop.mercatflors.cat\/en\/#organization"},"potentialAction":[{"@type":"SearchAction","target":{"@type":"EntryPoint","urlTemplate":"https:\/\/develop.mercatflors.cat\/en\/?s={search_term_string}"},"query-input":"required name=search_term_string"}],"inLanguage":"en-US"},{"@type":"Organization","@id":"https:\/\/develop.mercatflors.cat\/en\/#organization","name":"Mercat de les Flors","url":"https:\/\/develop.mercatflors.cat\/en\/","logo":{"@type":"ImageObject","inLanguage":"en-US","@id":"https:\/\/develop.mercatflors.cat\/en\/#\/schema\/logo\/image\/","url":"https:\/\/develop.mercatflors.cat\/wp-content\/uploads\/2022\/10\/header-logo.svg","contentUrl":"https:\/\/develop.mercatflors.cat\/wp-content\/uploads\/2022\/10\/header-logo.svg","width":1,"height":1,"caption":"Mercat de les Flors"},"image":{"@id":"https:\/\/develop.mercatflors.cat\/en\/#\/schema\/logo\/image\/"}}]}},"_links":{"self":[{"href":"https:\/\/develop.mercatflors.cat\/en\/wp-json\/wp\/v2\/pages\/174729","targetHints":{"allow":["GET"]}}],"collection":[{"href":"https:\/\/develop.mercatflors.cat\/en\/wp-json\/wp\/v2\/pages"}],"about":[{"href":"https:\/\/develop.mercatflors.cat\/en\/wp-json\/wp\/v2\/types\/page"}],"author":[{"embeddable":true,"href":"https:\/\/develop.mercatflors.cat\/en\/wp-json\/wp\/v2\/users\/1"}],"replies":[{"embeddable":true,"href":"https:\/\/develop.mercatflors.cat\/en\/wp-json\/wp\/v2\/comments?post=174729"}],"version-history":[{"count":2,"href":"https:\/\/develop.mercatflors.cat\/en\/wp-json\/wp\/v2\/pages\/174729\/revisions"}],"predecessor-version":[{"id":175892,"href":"https:\/\/develop.mercatflors.cat\/en\/wp-json\/wp\/v2\/pages\/174729\/revisions\/175892"}],"up":[{"embeddable":true,"href":"https:\/\/develop.mercatflors.cat\/en\/wp-json\/wp\/v2\/pages\/174724"}],"wp:featuredmedia":[{"embeddable":true,"href":"https:\/\/develop.mercatflors.cat\/en\/wp-json\/wp\/v2\/media\/127592"}],"wp:attachment":[{"href":"https:\/\/develop.mercatflors.cat\/en\/wp-json\/wp\/v2\/media?parent=174729"}],"curies":[{"name":"wp","href":"https:\/\/api.w.org\/{rel}","templated":true}]}}